{"id":117,"date":"2025-02-27T10:04:25","date_gmt":"2025-02-27T09:04:25","guid":{"rendered":"https:\/\/noemiedacruz.com\/?page_id=117"},"modified":"2025-02-27T10:04:25","modified_gmt":"2025-02-27T09:04:25","slug":"veepee","status":"publish","type":"page","link":"https:\/\/noemiedacruz.com\/index.php\/veepee\/","title":{"rendered":"Veepee"},"content":{"rendered":"\n<p>Social media \/ direction artistique &amp; motion design<\/p>\n\n\n\n<p style=\"border-left-color:var(--wp--preset--color--background);border-left-width:55px;padding-left:var(--wp--preset--spacing--80)\">Cr\u00e9ation d\u2019une nouvelle charte graphique et strat\u00e9gie d\u2019influence Social Media en collaboration avec C\u00e9line Dumas, Valentine Orlandini, Elie Cordel et Pauline Bensard au sein de l\u2019\u00e9quipe de Rami Laabi pour l\u2019entreprise VEEPEE entre 2021 et 2023.<\/p>\n\n\n\n<p style=\"border-left-color:var(--wp--preset--color--background);border-left-width:55px;padding-left:var(--wp--preset--spacing--80)\">En 2 mois nous avons observ\u00e9 une \u00e9volution de +426% d&#8217;abonn\u00e9s sur les r\u00e9seaux sociaux de Veepee. Nous avons atteint les +500 000 abonn\u00e9s.<\/p>\n\n\n\n<figure class=\"wp-block-image aligncenter size-full is-resized has-custom-border\"><img loading=\"lazy\" decoding=\"async\" width=\"467\" height=\"911\" src=\"https:\/\/noemiedacruz.com\/wp-content\/uploads\/2025\/02\/IMG_6290.jpg\" alt=\"\" class=\"wp-image-118\" style=\"border-radius:15px;width:253px;height:auto\" srcset=\"https:\/\/noemiedacruz.com\/wp-content\/uploads\/2025\/02\/IMG_6290.jpg 467w, https:\/\/noemiedacruz.com\/wp-content\/uploads\/2025\/02\/IMG_6290-154x300.jpg 154w\" sizes=\"auto, (max-width: 467px) 100vw, 467px\" \/><\/figure>\n\n\n\n<p style=\"border-left-color:var(--wp--preset--color--background);border-left-width:55px;padding-left:var(--wp--preset--spacing--80)\">R\u00e9alisations de posts et stories pour mettre en avant les ventes des diff\u00e9rentes marques sur la plateforme.<\/p>\n\n\n\n<figure class=\"wp-block-image size-full has-custom-border\"><img loading=\"lazy\" decoding=\"async\" width=\"600\" height=\"338\" src=\"https:\/\/noemiedacruz.com\/wp-content\/uploads\/2025\/02\/PLANCHE20.gif\" alt=\"\" class=\"wp-image-125\" style=\"border-radius:15px\"\/><\/figure>\n\n\n\n<figure class=\"wp-block-gallery has-nested-images columns-default is-cropped wp-block-gallery-1 is-layout-flex wp-block-gallery-is-layout-flex\">\n<figure class=\"wp-block-image size-large has-custom-border\"><img loading=\"lazy\" decoding=\"async\" width=\"1024\" height=\"576\" data-id=\"124\" src=\"https:\/\/noemiedacruz.com\/wp-content\/uploads\/2025\/02\/PLANCHE4-1024x576.jpg\" alt=\"\" class=\"wp-image-124\" style=\"border-radius:15px\" srcset=\"https:\/\/noemiedacruz.com\/wp-content\/uploads\/2025\/02\/PLANCHE4-1024x576.jpg 1024w, https:\/\/noemiedacruz.com\/wp-content\/uploads\/2025\/02\/PLANCHE4-300x169.jpg 300w, https:\/\/noemiedacruz.com\/wp-content\/uploads\/2025\/02\/PLANCHE4-768x432.jpg 768w, https:\/\/noemiedacruz.com\/wp-content\/uploads\/2025\/02\/PLANCHE4-1536x864.jpg 1536w, https:\/\/noemiedacruz.com\/wp-content\/uploads\/2025\/02\/PLANCHE4.jpg 1920w\" sizes=\"auto, (max-width: 1024px) 100vw, 1024px\" \/><\/figure>\n\n\n\n<figure class=\"wp-block-image size-large has-custom-border\"><img loading=\"lazy\" decoding=\"async\" width=\"1024\" height=\"576\" data-id=\"122\" src=\"https:\/\/noemiedacruz.com\/wp-content\/uploads\/2025\/02\/PLANCHE2-1024x576.jpg\" alt=\"\" class=\"wp-image-122\" style=\"border-radius:15px\" srcset=\"https:\/\/noemiedacruz.com\/wp-content\/uploads\/2025\/02\/PLANCHE2-1024x576.jpg 1024w, https:\/\/noemiedacruz.com\/wp-content\/uploads\/2025\/02\/PLANCHE2-300x169.jpg 300w, https:\/\/noemiedacruz.com\/wp-content\/uploads\/2025\/02\/PLANCHE2-768x432.jpg 768w, https:\/\/noemiedacruz.com\/wp-content\/uploads\/2025\/02\/PLANCHE2-1536x864.jpg 1536w, https:\/\/noemiedacruz.com\/wp-content\/uploads\/2025\/02\/PLANCHE2.jpg 1920w\" sizes=\"auto, (max-width: 1024px) 100vw, 1024px\" \/><\/figure>\n<\/figure>\n\n\n\n<figure class=\"wp-block-image size-full has-custom-border\"><img loading=\"lazy\" decoding=\"async\" width=\"600\" height=\"338\" src=\"https:\/\/noemiedacruz.com\/wp-content\/uploads\/2025\/02\/PLANCHE6_1_1.gif\" alt=\"\" class=\"wp-image-126\" style=\"border-radius:15px\"\/><\/figure>\n\n\n\n<figure class=\"wp-block-image size-large has-custom-border\"><img loading=\"lazy\" decoding=\"async\" width=\"1024\" height=\"576\" src=\"https:\/\/noemiedacruz.com\/wp-content\/uploads\/2025\/02\/PLANCHE3-1024x576.jpg\" alt=\"\" class=\"wp-image-123\" style=\"border-radius:15px\" srcset=\"https:\/\/noemiedacruz.com\/wp-content\/uploads\/2025\/02\/PLANCHE3-1024x576.jpg 1024w, https:\/\/noemiedacruz.com\/wp-content\/uploads\/2025\/02\/PLANCHE3-300x169.jpg 300w, https:\/\/noemiedacruz.com\/wp-content\/uploads\/2025\/02\/PLANCHE3-768x432.jpg 768w, https:\/\/noemiedacruz.com\/wp-content\/uploads\/2025\/02\/PLANCHE3-1536x864.jpg 1536w, https:\/\/noemiedacruz.com\/wp-content\/uploads\/2025\/02\/PLANCHE3.jpg 1920w\" sizes=\"auto, (max-width: 1024px) 100vw, 1024px\" \/><\/figure>\n\n\n\n<p style=\"border-left-color:var(--wp--preset--color--background);border-left-width:55px;padding-left:var(--wp--preset--spacing--80)\">Mise en place d\u2019un concept de stories pour interagir avec les abonn\u00e9es :<\/p>\n\n\n\n<figure class=\"wp-block-gallery has-nested-images columns-default is-cropped wp-block-gallery-2 is-layout-flex wp-block-gallery-is-layout-flex\">\n<figure class=\"wp-block-image size-large has-custom-border\"><img loading=\"lazy\" decoding=\"async\" width=\"388\" height=\"692\" data-id=\"130\" src=\"https:\/\/noemiedacruz.com\/wp-content\/uploads\/2025\/02\/WHATS_NEXT_v2.gif\" alt=\"\" class=\"wp-image-130\" style=\"border-radius:15px\"\/><\/figure>\n\n\n\n<figure class=\"wp-block-image size-large has-custom-border\"><img loading=\"lazy\" decoding=\"async\" width=\"388\" height=\"692\" data-id=\"129\" src=\"https:\/\/noemiedacruz.com\/wp-content\/uploads\/2025\/02\/WHATS_NEXT.gif\" alt=\"\" class=\"wp-image-129\" style=\"border-radius:15px\"\/><\/figure>\n<\/figure>\n\n\n\n<figure class=\"wp-block-embed is-type-video is-provider-vimeo wp-block-embed-vimeo wp-embed-aspect-9-16 wp-has-aspect-ratio\"><div class=\"wp-block-embed__wrapper\">\n<iframe loading=\"lazy\" title=\"Stories Instagram Veepee\" src=\"https:\/\/player.vimeo.com\/video\/1043155316?dnt=1&amp;app_id=122963\" width=\"422\" height=\"750\" frameborder=\"0\" allow=\"autoplay; fullscreen; picture-in-picture; clipboard-write; encrypted-media\"><\/iframe>\n<\/div><\/figure>\n\n\n\n<p style=\"border-left-color:var(--wp--preset--color--background);border-left-width:55px;padding-left:var(--wp--preset--spacing--80)\">R\u00e9alisation du Showreel 2022 et participation \u00e0 la r\u00e9alisation d\u2019assets digitaux et aux shootings photo\/ vid\u00e9o pour les ventes du p\u00f4le Fashion de Veepee.<\/p>\n\n\n\n<figure class=\"wp-block-embed is-type-video is-provider-vimeo wp-block-embed-vimeo wp-embed-aspect-16-9 wp-has-aspect-ratio\"><div class=\"wp-block-embed__wrapper\">\n<iframe loading=\"lazy\" title=\"FASHION_SHOWREEL_2022\" src=\"https:\/\/player.vimeo.com\/video\/1057656857?dnt=1&amp;app_id=122963\" width=\"500\" height=\"281\" frameborder=\"0\" allow=\"autoplay; fullscreen; picture-in-picture; clipboard-write; encrypted-media\"><\/iframe>\n<\/div><\/figure>\n","protected":false},"excerpt":{"rendered":"<p>Social media \/ direction artistique &amp; motion design Cr\u00e9ation d\u2019une nouvelle charte graphique et strat\u00e9gie d\u2019influence Social Media en collaboration avec C\u00e9line Dumas, Valentine Orlandini, Elie Cordel et Pauline Bensard au sein de l\u2019\u00e9quipe de Rami Laabi pour l\u2019entreprise VEEPEE entre 2021 et 2023. En 2 mois nous avons observ\u00e9 une \u00e9volution de +426% d&#8217;abonn\u00e9s [&hellip;]<\/p>\n","protected":false},"author":1,"featured_media":0,"parent":0,"menu_order":0,"comment_status":"closed","ping_status":"closed","template":"","meta":{"footnotes":""},"class_list":["post-117","page","type-page","status-publish","hentry"],"_links":{"self":[{"href":"https:\/\/noemiedacruz.com\/index.php\/wp-json\/wp\/v2\/pages\/117","targetHints":{"allow":["GET"]}}],"collection":[{"href":"https:\/\/noemiedacruz.com\/index.php\/wp-json\/wp\/v2\/pages"}],"about":[{"href":"https:\/\/noemiedacruz.com\/index.php\/wp-json\/wp\/v2\/types\/page"}],"author":[{"embeddable":true,"href":"https:\/\/noemiedacruz.com\/index.php\/wp-json\/wp\/v2\/users\/1"}],"replies":[{"embeddable":true,"href":"https:\/\/noemiedacruz.com\/index.php\/wp-json\/wp\/v2\/comments?post=117"}],"version-history":[{"count":1,"href":"https:\/\/noemiedacruz.com\/index.php\/wp-json\/wp\/v2\/pages\/117\/revisions"}],"predecessor-version":[{"id":131,"href":"https:\/\/noemiedacruz.com\/index.php\/wp-json\/wp\/v2\/pages\/117\/revisions\/131"}],"wp:attachment":[{"href":"https:\/\/noemiedacruz.com\/index.php\/wp-json\/wp\/v2\/media?parent=117"}],"curies":[{"name":"wp","href":"https:\/\/api.w.org\/{rel}","templated":true}]}}