{"id":138,"date":"2025-02-27T10:49:34","date_gmt":"2025-02-27T09:49:34","guid":{"rendered":"https:\/\/noemiedacruz.com\/?page_id=138"},"modified":"2025-02-27T11:30:31","modified_gmt":"2025-02-27T10:30:31","slug":"contact","status":"publish","type":"page","link":"https:\/\/noemiedacruz.com\/index.php\/contact\/","title":{"rendered":"Contact"},"content":{"rendered":"\n<p><\/p>\n\n\n\n<div class=\"wp-block-columns is-layout-flex wp-container-core-columns-is-layout-28f84493 wp-block-columns-is-layout-flex\">\n<div class=\"wp-block-column is-layout-flow wp-block-column-is-layout-flow\" style=\"flex-basis:100%\">\n<p>Bonjour,<br>Je m&#8217;appelle No\u00e9mie Da Cruz, je suis directrice artistique et motion designer. N&#8217;h\u00e9sitez pas \u00e0 me contacter pour plus d&#8217;informations !<\/p>\n<\/div>\n<\/div>\n\n\n\n<div class=\"wp-block-columns is-layout-flex wp-container-core-columns-is-layout-28f84493 wp-block-columns-is-layout-flex\">\n<div class=\"wp-block-column is-layout-flow wp-block-column-is-layout-flow\" style=\"flex-basis:100%\">\n<p class=\"has-medium-font-size\">Hello,<br>My name is No\u00e9mie Da Cruz, I&#8217;m an art director and motion designer. Please feel free to contact me for more information!<\/p>\n<\/div>\n<\/div>\n","protected":false},"excerpt":{"rendered":"<p>Bonjour,Je m&#8217;appelle No\u00e9mie Da Cruz, je suis directrice artistique et motion designer. N&#8217;h\u00e9sitez pas \u00e0 me contacter pour plus d&#8217;informations ! Hello,My name is No\u00e9mie Da Cruz, I&#8217;m an art director and motion designer. Please feel free to contact me for more information!<\/p>\n","protected":false},"author":1,"featured_media":0,"parent":0,"menu_order":0,"comment_status":"closed","ping_status":"closed","template":"","meta":{"footnotes":""},"class_list":["post-138","page","type-page","status-publish","hentry"],"_links":{"self":[{"href":"https:\/\/noemiedacruz.com\/index.php\/wp-json\/wp\/v2\/pages\/138","targetHints":{"allow":["GET"]}}],"collection":[{"href":"https:\/\/noemiedacruz.com\/index.php\/wp-json\/wp\/v2\/pages"}],"about":[{"href":"https:\/\/noemiedacruz.com\/index.php\/wp-json\/wp\/v2\/types\/page"}],"author":[{"embeddable":true,"href":"https:\/\/noemiedacruz.com\/index.php\/wp-json\/wp\/v2\/users\/1"}],"replies":[{"embeddable":true,"href":"https:\/\/noemiedacruz.com\/index.php\/wp-json\/wp\/v2\/comments?post=138"}],"version-history":[{"count":4,"href":"https:\/\/noemiedacruz.com\/index.php\/wp-json\/wp\/v2\/pages\/138\/revisions"}],"predecessor-version":[{"id":143,"href":"https:\/\/noemiedacruz.com\/index.php\/wp-json\/wp\/v2\/pages\/138\/revisions\/143"}],"wp:attachment":[{"href":"https:\/\/noemiedacruz.com\/index.php\/wp-json\/wp\/v2\/media?parent=138"}],"curies":[{"name":"wp","href":"https:\/\/api.w.org\/{rel}","templated":true}]}}