{"id":153,"date":"2025-02-27T20:26:36","date_gmt":"2025-02-27T19:26:36","guid":{"rendered":"https:\/\/noemiedacruz.com\/?page_id=153"},"modified":"2025-02-27T22:07:46","modified_gmt":"2025-02-27T21:07:46","slug":"elucirem","status":"publish","type":"page","link":"https:\/\/noemiedacruz.com\/index.php\/elucirem\/","title":{"rendered":"Elucirem"},"content":{"rendered":"\n<p>Syneos Health &#8211; Motion design<\/p>\n\n\n\n<p style=\"border-left-color:var(--wp--preset--color--background);border-left-width:55px;padding-left:var(--wp--preset--spacing--80)\">R\u00e9alisation de vid\u00e9os (motion design, montage vid\u00e9o) de la campagne \u00ab\u00a0The Beauty of half the Gadolinium dose\u00a0\u00bb de Guerbet en collaboration avec Maay Kerdjidj sous la direction de Gabriel Lippis.\u00a0<\/p>\n\n\n\n<p style=\"border-left-color:var(--wp--preset--color--background);border-left-width:55px;padding-left:var(--wp--preset--spacing--80)\">Cette campagne a remport\u00e9 le prix Argent du Prix Empreintes de la sant\u00e9 cr\u00e9ative.<\/p>\n\n\n\n<figure class=\"wp-block-image aligncenter size-full is-resized has-custom-border\"><img loading=\"lazy\" decoding=\"async\" width=\"340\" height=\"182\" src=\"https:\/\/noemiedacruz.com\/wp-content\/uploads\/2025\/02\/Capture-decran-2025-02-27-a-19.13.43.png\" alt=\"\" class=\"wp-image-174\" style=\"border-radius:15px;width:182px;height:auto\" srcset=\"https:\/\/noemiedacruz.com\/wp-content\/uploads\/2025\/02\/Capture-decran-2025-02-27-a-19.13.43.png 340w, https:\/\/noemiedacruz.com\/wp-content\/uploads\/2025\/02\/Capture-decran-2025-02-27-a-19.13.43-300x161.png 300w\" sizes=\"auto, (max-width: 340px) 100vw, 340px\" \/><\/figure>\n\n\n\n<figure class=\"wp-block-image aligncenter size-large has-custom-border is-style-rounded\"><img loading=\"lazy\" decoding=\"async\" width=\"1024\" height=\"574\" src=\"https:\/\/noemiedacruz.com\/wp-content\/uploads\/2025\/02\/Capture-decran-2025-02-27-a-20.16.11-1024x574.png\" alt=\"\" class=\"wp-image-154\" style=\"border-radius:15px\" srcset=\"https:\/\/noemiedacruz.com\/wp-content\/uploads\/2025\/02\/Capture-decran-2025-02-27-a-20.16.11-1024x574.png 1024w, https:\/\/noemiedacruz.com\/wp-content\/uploads\/2025\/02\/Capture-decran-2025-02-27-a-20.16.11-300x168.png 300w, https:\/\/noemiedacruz.com\/wp-content\/uploads\/2025\/02\/Capture-decran-2025-02-27-a-20.16.11-768x430.png 768w, https:\/\/noemiedacruz.com\/wp-content\/uploads\/2025\/02\/Capture-decran-2025-02-27-a-20.16.11-1536x861.png 1536w, https:\/\/noemiedacruz.com\/wp-content\/uploads\/2025\/02\/Capture-decran-2025-02-27-a-20.16.11-2048x1148.png 2048w\" sizes=\"auto, (max-width: 1024px) 100vw, 1024px\" \/><\/figure>\n\n\n\n<figure class=\"wp-block-embed is-type-video is-provider-vimeo wp-block-embed-vimeo\"><div class=\"wp-block-embed__wrapper\">\n<iframe loading=\"lazy\" title=\"Elucirem Study Case\" src=\"https:\/\/player.vimeo.com\/video\/1061009697?dnt=1&amp;app_id=122963\" width=\"500\" height=\"281\" frameborder=\"0\" allow=\"autoplay; fullscreen; picture-in-picture; clipboard-write; encrypted-media\"><\/iframe>\n<\/div><\/figure>\n\n\n\n<figure class=\"wp-block-embed is-type-video is-provider-vimeo wp-block-embed-vimeo\"><div class=\"wp-block-embed__wrapper\">\n<iframe loading=\"lazy\" title=\"Launch video Elucirem\" src=\"https:\/\/player.vimeo.com\/video\/1061008327?dnt=1&amp;app_id=122963\" width=\"500\" height=\"281\" frameborder=\"0\" allow=\"autoplay; fullscreen; picture-in-picture; clipboard-write; encrypted-media\"><\/iframe>\n<\/div><\/figure>\n\n\n\n<figure class=\"wp-block-image size-large\"><img loading=\"lazy\" decoding=\"async\" width=\"1024\" height=\"724\" src=\"https:\/\/noemiedacruz.com\/wp-content\/uploads\/2025\/02\/45749_Advert-keyvisual-Elucirem-horizontal-new-headlines-final-03-1024x724.jpg\" alt=\"\" class=\"wp-image-157\" srcset=\"https:\/\/noemiedacruz.com\/wp-content\/uploads\/2025\/02\/45749_Advert-keyvisual-Elucirem-horizontal-new-headlines-final-03-1024x724.jpg 1024w, https:\/\/noemiedacruz.com\/wp-content\/uploads\/2025\/02\/45749_Advert-keyvisual-Elucirem-horizontal-new-headlines-final-03-300x212.jpg 300w, https:\/\/noemiedacruz.com\/wp-content\/uploads\/2025\/02\/45749_Advert-keyvisual-Elucirem-horizontal-new-headlines-final-03-768x543.jpg 768w, https:\/\/noemiedacruz.com\/wp-content\/uploads\/2025\/02\/45749_Advert-keyvisual-Elucirem-horizontal-new-headlines-final-03-1536x1086.jpg 1536w, https:\/\/noemiedacruz.com\/wp-content\/uploads\/2025\/02\/45749_Advert-keyvisual-Elucirem-horizontal-new-headlines-final-03-2048x1448.jpg 2048w\" sizes=\"auto, (max-width: 1024px) 100vw, 1024px\" \/><\/figure>\n","protected":false},"excerpt":{"rendered":"<p>Syneos Health &#8211; Motion design R\u00e9alisation de vid\u00e9os (motion design, montage vid\u00e9o) de la campagne \u00ab\u00a0The Beauty of half the Gadolinium dose\u00a0\u00bb de Guerbet en collaboration avec Maay Kerdjidj sous la direction de Gabriel Lippis.\u00a0 Cette campagne a remport\u00e9 le prix Argent du Prix Empreintes de la sant\u00e9 cr\u00e9ative.<\/p>\n","protected":false},"author":1,"featured_media":0,"parent":0,"menu_order":0,"comment_status":"closed","ping_status":"closed","template":"","meta":{"footnotes":""},"class_list":["post-153","page","type-page","status-publish","hentry"],"_links":{"self":[{"href":"https:\/\/noemiedacruz.com\/index.php\/wp-json\/wp\/v2\/pages\/153","targetHints":{"allow":["GET"]}}],"collection":[{"href":"https:\/\/noemiedacruz.com\/index.php\/wp-json\/wp\/v2\/pages"}],"about":[{"href":"https:\/\/noemiedacruz.com\/index.php\/wp-json\/wp\/v2\/types\/page"}],"author":[{"embeddable":true,"href":"https:\/\/noemiedacruz.com\/index.php\/wp-json\/wp\/v2\/users\/1"}],"replies":[{"embeddable":true,"href":"https:\/\/noemiedacruz.com\/index.php\/wp-json\/wp\/v2\/comments?post=153"}],"version-history":[{"count":5,"href":"https:\/\/noemiedacruz.com\/index.php\/wp-json\/wp\/v2\/pages\/153\/revisions"}],"predecessor-version":[{"id":175,"href":"https:\/\/noemiedacruz.com\/index.php\/wp-json\/wp\/v2\/pages\/153\/revisions\/175"}],"wp:attachment":[{"href":"https:\/\/noemiedacruz.com\/index.php\/wp-json\/wp\/v2\/media?parent=153"}],"curies":[{"name":"wp","href":"https:\/\/api.w.org\/{rel}","templated":true}]}}