{"id":160,"date":"2025-02-27T21:56:57","date_gmt":"2025-02-27T20:56:57","guid":{"rendered":"https:\/\/noemiedacruz.com\/?page_id=160"},"modified":"2025-02-27T21:56:57","modified_gmt":"2025-02-27T20:56:57","slug":"reveal-tv","status":"publish","type":"page","link":"https:\/\/noemiedacruz.com\/index.php\/reveal-tv\/","title":{"rendered":"Reveal TV"},"content":{"rendered":"\n<p>Syneos Health &#8211; Direction artistique &amp; Motion design<\/p>\n\n\n\n<p style=\"border-left-color:var(--wp--preset--color--background);border-left-width:55px;padding-left:var(--wp--preset--spacing--80)\">Mise en place d\u2019une identit\u00e9 graphique, r\u00e9alisation de vid\u00e9os, de jingle pour le lancement de la nouvelle chaine de t\u00e9l\u00e9vision \u00e9ducative de Guerbet pour la communaut\u00e9 de l\u2019imagerie m\u00e9dicale.<\/p>\n\n\n\n<p style=\"border-left-color:var(--wp--preset--color--background);border-left-width:55px;padding-left:var(--wp--preset--spacing--80)\">Un travail r\u00e9alis\u00e9 en collaboration avec Ingrid Lefebvre sous la direction de Gabriel Lippis.<\/p>\n\n\n\n<div class=\"wp-block-media-text is-stacked-on-mobile is-vertically-aligned-center\" style=\"grid-template-columns:85% auto\"><figure class=\"wp-block-media-text__media\"><video controls src=\"https:\/\/noemiedacruz.com\/wp-content\/uploads\/2025\/02\/jingle.mp4\"><\/video><\/figure><div class=\"wp-block-media-text__content\">\n<p><\/p>\n<\/div><\/div>\n\n\n\n<div class=\"wp-block-media-text is-stacked-on-mobile\" style=\"grid-template-columns:85% auto\"><figure class=\"wp-block-media-text__media\"><video controls src=\"https:\/\/noemiedacruz.com\/wp-content\/uploads\/2025\/02\/teaser_revealTV_v1.mp4\"><\/video><\/figure><div class=\"wp-block-media-text__content\">\n<p><\/p>\n<\/div><\/div>\n\n\n\n<div class=\"wp-block-media-text is-stacked-on-mobile\" style=\"grid-template-columns:85% auto\"><figure class=\"wp-block-media-text__media\"><video controls src=\"https:\/\/noemiedacruz.com\/wp-content\/uploads\/2025\/02\/MRI_use_on_rise.mp4\"><\/video><\/figure><div class=\"wp-block-media-text__content\">\n<p><\/p>\n<\/div><\/div>\n","protected":false},"excerpt":{"rendered":"<p>Syneos Health &#8211; Direction artistique &amp; Motion design Mise en place d\u2019une identit\u00e9 graphique, r\u00e9alisation de vid\u00e9os, de jingle pour le lancement de la nouvelle chaine de t\u00e9l\u00e9vision \u00e9ducative de Guerbet pour la communaut\u00e9 de l\u2019imagerie m\u00e9dicale. Un travail r\u00e9alis\u00e9 en collaboration avec Ingrid Lefebvre sous la direction de Gabriel Lippis.<\/p>\n","protected":false},"author":1,"featured_media":0,"parent":0,"menu_order":0,"comment_status":"closed","ping_status":"closed","template":"","meta":{"footnotes":""},"class_list":["post-160","page","type-page","status-publish","hentry"],"_links":{"self":[{"href":"https:\/\/noemiedacruz.com\/index.php\/wp-json\/wp\/v2\/pages\/160","targetHints":{"allow":["GET"]}}],"collection":[{"href":"https:\/\/noemiedacruz.com\/index.php\/wp-json\/wp\/v2\/pages"}],"about":[{"href":"https:\/\/noemiedacruz.com\/index.php\/wp-json\/wp\/v2\/types\/page"}],"author":[{"embeddable":true,"href":"https:\/\/noemiedacruz.com\/index.php\/wp-json\/wp\/v2\/users\/1"}],"replies":[{"embeddable":true,"href":"https:\/\/noemiedacruz.com\/index.php\/wp-json\/wp\/v2\/comments?post=160"}],"version-history":[{"count":1,"href":"https:\/\/noemiedacruz.com\/index.php\/wp-json\/wp\/v2\/pages\/160\/revisions"}],"predecessor-version":[{"id":171,"href":"https:\/\/noemiedacruz.com\/index.php\/wp-json\/wp\/v2\/pages\/160\/revisions\/171"}],"wp:attachment":[{"href":"https:\/\/noemiedacruz.com\/index.php\/wp-json\/wp\/v2\/media?parent=160"}],"curies":[{"name":"wp","href":"https:\/\/api.w.org\/{rel}","templated":true}]}}