{"id":77,"date":"2025-02-26T23:52:41","date_gmt":"2025-02-26T22:52:41","guid":{"rendered":"https:\/\/noemiedacruz.com\/?page_id=77"},"modified":"2025-02-27T08:51:50","modified_gmt":"2025-02-27T07:51:50","slug":"sur-la-dune","status":"publish","type":"page","link":"https:\/\/noemiedacruz.com\/index.php\/sur-la-dune\/","title":{"rendered":"Sur la dune"},"content":{"rendered":"\n<p><\/p>\n\n\n\n<p>Court-m\u00e9trage anim\u00e9<\/p>\n\n\n\n<p class=\"has-medium-font-size\" style=\"border-left-color:var(--wp--preset--color--background);border-left-width:55px;padding-left:var(--wp--preset--spacing--80)\">R\u00e9alisation d\u2019un court-m\u00e9trage anim\u00e9 en collaboration avec Solenne Boisseau et M\u00e9lanie Schulz. Un court-m\u00e9trage s\u00e9lectionn\u00e9 et r\u00e9compens\u00e9 par plusieurs festivals internationals entre 2020 et 2022.<\/p>\n\n\n\n<figure class=\"wp-block-image aligncenter size-large\"><img loading=\"lazy\" decoding=\"async\" width=\"1024\" height=\"576\" src=\"https:\/\/noemiedacruz.com\/wp-content\/uploads\/2025\/02\/RECOMPENSES-1024x576.jpg\" alt=\"\" class=\"wp-image-78\" srcset=\"https:\/\/noemiedacruz.com\/wp-content\/uploads\/2025\/02\/RECOMPENSES-1024x576.jpg 1024w, https:\/\/noemiedacruz.com\/wp-content\/uploads\/2025\/02\/RECOMPENSES-300x169.jpg 300w, https:\/\/noemiedacruz.com\/wp-content\/uploads\/2025\/02\/RECOMPENSES-768x432.jpg 768w, https:\/\/noemiedacruz.com\/wp-content\/uploads\/2025\/02\/RECOMPENSES-1536x864.jpg 1536w, https:\/\/noemiedacruz.com\/wp-content\/uploads\/2025\/02\/RECOMPENSES.jpg 1920w\" sizes=\"auto, (max-width: 1024px) 100vw, 1024px\" \/><\/figure>\n\n\n\n<figure class=\"wp-block-image aligncenter size-large is-resized\"><img loading=\"lazy\" decoding=\"async\" width=\"1024\" height=\"576\" src=\"https:\/\/noemiedacruz.com\/wp-content\/uploads\/2025\/02\/siteTITRE-1024x576.png\" alt=\"\" class=\"wp-image-79\" style=\"width:306px;height:auto\" srcset=\"https:\/\/noemiedacruz.com\/wp-content\/uploads\/2025\/02\/siteTITRE-1024x576.png 1024w, https:\/\/noemiedacruz.com\/wp-content\/uploads\/2025\/02\/siteTITRE-300x169.png 300w, https:\/\/noemiedacruz.com\/wp-content\/uploads\/2025\/02\/siteTITRE-768x432.png 768w, https:\/\/noemiedacruz.com\/wp-content\/uploads\/2025\/02\/siteTITRE-1536x864.png 1536w, https:\/\/noemiedacruz.com\/wp-content\/uploads\/2025\/02\/siteTITRE.png 1920w\" sizes=\"auto, (max-width: 1024px) 100vw, 1024px\" \/><\/figure>\n\n\n\n<figure class=\"wp-block-embed aligncenter is-type-video is-provider-vimeo wp-block-embed-vimeo wp-embed-aspect-16-9 wp-has-aspect-ratio\"><div class=\"wp-block-embed__wrapper\">\n<iframe loading=\"lazy\" title=\"Sur la Dune\" src=\"https:\/\/player.vimeo.com\/video\/458581949?dnt=1&amp;app_id=122963\" width=\"500\" height=\"281\" frameborder=\"0\" allow=\"autoplay; fullscreen; picture-in-picture; clipboard-write; encrypted-media\"><\/iframe>\n<\/div><\/figure>\n\n\n\n<figure class=\"wp-block-gallery has-nested-images columns-default is-cropped wp-block-gallery-1 is-layout-flex wp-block-gallery-is-layout-flex\">\n<figure class=\"wp-block-image size-large\"><img loading=\"lazy\" decoding=\"async\" width=\"1024\" height=\"576\" data-id=\"80\" src=\"https:\/\/noemiedacruz.com\/wp-content\/uploads\/2025\/02\/PAYSAGE1-1024x576.jpg\" alt=\"\" class=\"wp-image-80\" srcset=\"https:\/\/noemiedacruz.com\/wp-content\/uploads\/2025\/02\/PAYSAGE1-1024x576.jpg 1024w, https:\/\/noemiedacruz.com\/wp-content\/uploads\/2025\/02\/PAYSAGE1-300x169.jpg 300w, https:\/\/noemiedacruz.com\/wp-content\/uploads\/2025\/02\/PAYSAGE1-768x432.jpg 768w, https:\/\/noemiedacruz.com\/wp-content\/uploads\/2025\/02\/PAYSAGE1-1536x864.jpg 1536w, https:\/\/noemiedacruz.com\/wp-content\/uploads\/2025\/02\/PAYSAGE1.jpg 1920w\" sizes=\"auto, (max-width: 1024px) 100vw, 1024px\" \/><\/figure>\n\n\n\n<figure class=\"wp-block-image size-large\"><img loading=\"lazy\" decoding=\"async\" width=\"1024\" height=\"576\" data-id=\"83\" src=\"https:\/\/noemiedacruz.com\/wp-content\/uploads\/2025\/02\/PAYSAGE2-1024x576.jpg\" alt=\"\" class=\"wp-image-83\" srcset=\"https:\/\/noemiedacruz.com\/wp-content\/uploads\/2025\/02\/PAYSAGE2-1024x576.jpg 1024w, https:\/\/noemiedacruz.com\/wp-content\/uploads\/2025\/02\/PAYSAGE2-300x169.jpg 300w, https:\/\/noemiedacruz.com\/wp-content\/uploads\/2025\/02\/PAYSAGE2-768x432.jpg 768w, https:\/\/noemiedacruz.com\/wp-content\/uploads\/2025\/02\/PAYSAGE2-1536x864.jpg 1536w, https:\/\/noemiedacruz.com\/wp-content\/uploads\/2025\/02\/PAYSAGE2.jpg 1920w\" sizes=\"auto, (max-width: 1024px) 100vw, 1024px\" \/><\/figure>\n\n\n\n<figure class=\"wp-block-image size-large\"><img loading=\"lazy\" decoding=\"async\" width=\"1024\" height=\"576\" data-id=\"81\" src=\"https:\/\/noemiedacruz.com\/wp-content\/uploads\/2025\/02\/PAYSAGE3-1024x576.jpg\" alt=\"\" class=\"wp-image-81\" srcset=\"https:\/\/noemiedacruz.com\/wp-content\/uploads\/2025\/02\/PAYSAGE3-1024x576.jpg 1024w, https:\/\/noemiedacruz.com\/wp-content\/uploads\/2025\/02\/PAYSAGE3-300x169.jpg 300w, https:\/\/noemiedacruz.com\/wp-content\/uploads\/2025\/02\/PAYSAGE3-768x432.jpg 768w, https:\/\/noemiedacruz.com\/wp-content\/uploads\/2025\/02\/PAYSAGE3-1536x864.jpg 1536w, https:\/\/noemiedacruz.com\/wp-content\/uploads\/2025\/02\/PAYSAGE3.jpg 1920w\" sizes=\"auto, (max-width: 1024px) 100vw, 1024px\" \/><\/figure>\n\n\n\n<figure class=\"wp-block-image size-large\"><img loading=\"lazy\" decoding=\"async\" width=\"1024\" height=\"576\" data-id=\"82\" src=\"https:\/\/noemiedacruz.com\/wp-content\/uploads\/2025\/02\/PAYSAGE4-1024x576.jpg\" alt=\"\" class=\"wp-image-82\" srcset=\"https:\/\/noemiedacruz.com\/wp-content\/uploads\/2025\/02\/PAYSAGE4-1024x576.jpg 1024w, https:\/\/noemiedacruz.com\/wp-content\/uploads\/2025\/02\/PAYSAGE4-300x169.jpg 300w, https:\/\/noemiedacruz.com\/wp-content\/uploads\/2025\/02\/PAYSAGE4-768x432.jpg 768w, https:\/\/noemiedacruz.com\/wp-content\/uploads\/2025\/02\/PAYSAGE4-1536x864.jpg 1536w, https:\/\/noemiedacruz.com\/wp-content\/uploads\/2025\/02\/PAYSAGE4.jpg 1920w\" sizes=\"auto, (max-width: 1024px) 100vw, 1024px\" \/><\/figure>\n<\/figure>\n","protected":false},"excerpt":{"rendered":"<p>Court-m\u00e9trage anim\u00e9 R\u00e9alisation d\u2019un court-m\u00e9trage anim\u00e9 en collaboration avec Solenne Boisseau et M\u00e9lanie Schulz. Un court-m\u00e9trage s\u00e9lectionn\u00e9 et r\u00e9compens\u00e9 par plusieurs festivals internationals entre 2020 et 2022.<\/p>\n","protected":false},"author":1,"featured_media":0,"parent":0,"menu_order":0,"comment_status":"closed","ping_status":"closed","template":"","meta":{"footnotes":""},"class_list":["post-77","page","type-page","status-publish","hentry"],"_links":{"self":[{"href":"https:\/\/noemiedacruz.com\/index.php\/wp-json\/wp\/v2\/pages\/77","targetHints":{"allow":["GET"]}}],"collection":[{"href":"https:\/\/noemiedacruz.com\/index.php\/wp-json\/wp\/v2\/pages"}],"about":[{"href":"https:\/\/noemiedacruz.com\/index.php\/wp-json\/wp\/v2\/types\/page"}],"author":[{"embeddable":true,"href":"https:\/\/noemiedacruz.com\/index.php\/wp-json\/wp\/v2\/users\/1"}],"replies":[{"embeddable":true,"href":"https:\/\/noemiedacruz.com\/index.php\/wp-json\/wp\/v2\/comments?post=77"}],"version-history":[{"count":2,"href":"https:\/\/noemiedacruz.com\/index.php\/wp-json\/wp\/v2\/pages\/77\/revisions"}],"predecessor-version":[{"id":86,"href":"https:\/\/noemiedacruz.com\/index.php\/wp-json\/wp\/v2\/pages\/77\/revisions\/86"}],"wp:attachment":[{"href":"https:\/\/noemiedacruz.com\/index.php\/wp-json\/wp\/v2\/media?parent=77"}],"curies":[{"name":"wp","href":"https:\/\/api.w.org\/{rel}","templated":true}]}}